{"id":17,"date":"2025-03-18T18:47:01","date_gmt":"2025-03-18T21:47:01","guid":{"rendered":"https:\/\/www.portalridgid.com.br\/compre\/?page_id=17"},"modified":"2025-03-18T22:45:41","modified_gmt":"2025-03-19T01:45:41","slug":"rosqueadeira-ridgid-535","status":"publish","type":"page","link":"https:\/\/www.portalridgid.com.br\/compre\/rosqueadeira-ridgid-535\/","title":{"rendered":"RIDGID 535 \u2013 A Melhor Rosqueadeira para Estruturas Met\u00e1licas"},"content":{"rendered":"","protected":false},"excerpt":{"rendered":"<p>Alta Performance e Precis\u00e3o para Grandes Projetos<br \/>\nSe voc\u00ea busca uma rosqueadeira industrial robusta e eficiente, a RIDGID 535 \u00e9 a solu\u00e7\u00e3o definitiva para fabrica\u00e7\u00e3o de roscas em vergalh\u00f5es. Com tecnologia avan\u00e7ada e design aprimorado, essa m\u00e1quina foi projetada para estruturas met\u00e1licas, galp\u00f5es log\u00edsticos e obras de grande porte, garantindo seguran\u00e7a, produtividade e m\u00e1xima qualidade no seu trabalho.<\/p>\n","protected":false},"author":1,"featured_media":0,"parent":0,"menu_order":0,"comment_status":"closed","ping_status":"closed","template":"","meta":{"footnotes":""},"class_list":["post-17","page","type-page","status-publish","hentry"],"_links":{"self":[{"href":"https:\/\/www.portalridgid.com.br\/compre\/wp-json\/wp\/v2\/pages\/17","targetHints":{"allow":["GET"]}}],"collection":[{"href":"https:\/\/www.portalridgid.com.br\/compre\/wp-json\/wp\/v2\/pages"}],"about":[{"href":"https:\/\/www.portalridgid.com.br\/compre\/wp-json\/wp\/v2\/types\/page"}],"author":[{"embeddable":true,"href":"https:\/\/www.portalridgid.com.br\/compre\/wp-json\/wp\/v2\/users\/1"}],"replies":[{"embeddable":true,"href":"https:\/\/www.portalridgid.com.br\/compre\/wp-json\/wp\/v2\/comments?post=17"}],"version-history":[{"count":7,"href":"https:\/\/www.portalridgid.com.br\/compre\/wp-json\/wp\/v2\/pages\/17\/revisions"}],"predecessor-version":[{"id":24,"href":"https:\/\/www.portalridgid.com.br\/compre\/wp-json\/wp\/v2\/pages\/17\/revisions\/24"}],"wp:attachment":[{"href":"https:\/\/www.portalridgid.com.br\/compre\/wp-json\/wp\/v2\/media?parent=17"}],"curies":[{"name":"wp","href":"https:\/\/api.w.org\/{rel}","templated":true}]}}